{"id":954,"date":"2021-11-01T12:58:13","date_gmt":"2021-11-01T11:58:13","guid":{"rendered":"https:\/\/venusmayastyle.com\/?post_type=product&#038;p=954"},"modified":"2021-11-01T22:09:45","modified_gmt":"2021-11-01T21:09:45","slug":"angled-eyeshadow-brush","status":"publish","type":"product","link":"https:\/\/venusmayastyle.com\/fr\/produit\/angled-eyeshadow-brush\/","title":{"rendered":"Pinceau fard \u00e0 paupi\u00e8re angul\u00e9"},"content":{"rendered":"","protected":false},"excerpt":{"rendered":"","protected":false},"featured_media":955,"template":"","meta":[],"product_brand":[],"product_cat":[22],"product_tag":[],"class_list":{"0":"post-954","1":"product","2":"type-product","3":"status-publish","4":"has-post-thumbnail","6":"product_cat-category-makeup","8":"first","9":"instock","10":"taxable","11":"shipping-taxable","12":"purchasable","13":"product-type-simple"},"_links":{"self":[{"href":"https:\/\/venusmayastyle.com\/fr\/wp-json\/wp\/v2\/product\/954","targetHints":{"allow":["GET"]}}],"collection":[{"href":"https:\/\/venusmayastyle.com\/fr\/wp-json\/wp\/v2\/product"}],"about":[{"href":"https:\/\/venusmayastyle.com\/fr\/wp-json\/wp\/v2\/types\/product"}],"wp:featuredmedia":[{"embeddable":true,"href":"https:\/\/venusmayastyle.com\/fr\/wp-json\/wp\/v2\/media\/955"}],"wp:attachment":[{"href":"https:\/\/venusmayastyle.com\/fr\/wp-json\/wp\/v2\/media?parent=954"}],"wp:term":[{"taxonomy":"product_brand","embeddable":true,"href":"https:\/\/venusmayastyle.com\/fr\/wp-json\/wp\/v2\/product_brand?post=954"},{"taxonomy":"product_cat","embeddable":true,"href":"https:\/\/venusmayastyle.com\/fr\/wp-json\/wp\/v2\/product_cat?post=954"},{"taxonomy":"product_tag","embeddable":true,"href":"https:\/\/venusmayastyle.com\/fr\/wp-json\/wp\/v2\/product_tag?post=954"}],"curies":[{"name":"wp","href":"https:\/\/api.w.org\/{rel}","templated":true}]}}