{"id":949,"date":"2021-11-01T12:33:51","date_gmt":"2021-11-01T11:33:51","guid":{"rendered":"https:\/\/venusmayastyle.com\/?post_type=product&#038;p=949"},"modified":"2021-11-01T21:59:55","modified_gmt":"2021-11-01T20:59:55","slug":"bevelled-brush","status":"publish","type":"product","link":"https:\/\/venusmayastyle.com\/fr\/produit\/bevelled-brush\/","title":{"rendered":"Pinceau biseaut\u00e9"},"content":{"rendered":"","protected":false},"excerpt":{"rendered":"<p>fard \u00e0 paupi\u00e8re en poudre et Ras de cils<\/p>","protected":false},"featured_media":950,"template":"","meta":[],"product_brand":[],"product_cat":[22],"product_tag":[],"class_list":{"0":"post-949","1":"product","2":"type-product","3":"status-publish","4":"has-post-thumbnail","6":"product_cat-category-makeup","8":"first","9":"instock","10":"taxable","11":"shipping-taxable","12":"purchasable","13":"product-type-simple"},"_links":{"self":[{"href":"https:\/\/venusmayastyle.com\/fr\/wp-json\/wp\/v2\/product\/949","targetHints":{"allow":["GET"]}}],"collection":[{"href":"https:\/\/venusmayastyle.com\/fr\/wp-json\/wp\/v2\/product"}],"about":[{"href":"https:\/\/venusmayastyle.com\/fr\/wp-json\/wp\/v2\/types\/product"}],"wp:featuredmedia":[{"embeddable":true,"href":"https:\/\/venusmayastyle.com\/fr\/wp-json\/wp\/v2\/media\/950"}],"wp:attachment":[{"href":"https:\/\/venusmayastyle.com\/fr\/wp-json\/wp\/v2\/media?parent=949"}],"wp:term":[{"taxonomy":"product_brand","embeddable":true,"href":"https:\/\/venusmayastyle.com\/fr\/wp-json\/wp\/v2\/product_brand?post=949"},{"taxonomy":"product_cat","embeddable":true,"href":"https:\/\/venusmayastyle.com\/fr\/wp-json\/wp\/v2\/product_cat?post=949"},{"taxonomy":"product_tag","embeddable":true,"href":"https:\/\/venusmayastyle.com\/fr\/wp-json\/wp\/v2\/product_tag?post=949"}],"curies":[{"name":"wp","href":"https:\/\/api.w.org\/{rel}","templated":true}]}}