{"id":2,"date":"2020-02-08T12:49:29","date_gmt":"2020-02-08T12:49:29","guid":{"rendered":"http:\/\/venusmiacosmetics.com\/?page_id=2"},"modified":"2020-04-18T19:30:14","modified_gmt":"2020-04-18T18:30:14","slug":"about","status":"publish","type":"page","link":"https:\/\/venusmayastyle.com\/fr\/about\/","title":{"rendered":"\u00c0 propos"},"content":{"rendered":"<p class=\"has-normal-font-size\">    VM Style est une marque qui refl\u00e8te une femme ambitieuse, courageuse et optimiste. Elle cr\u00e9e pour toutes les femmes du monde qui veulent s'affirmer dans la soci\u00e9t\u00e9 et prouver leur valeur. Avec le style VM, l'\u00e9l\u00e9gance fait la diff\u00e9rence. Reste belle et b\u00e2tis votre empire.<\/p><p class=\"has-normal-font-size\">    Suivez-nous sur les m\u00e9dias sociaux pour rester \u00e0 jour avec nos derni\u00e8res annonces et communiqu\u00e9s - Nous vous promettons, vous ne voudrez pas le manquer!<\/p><p class=\"has-normal-font-size\">    NE MANQUEZ PAS!<\/p><p><\/p><p><\/p>","protected":false},"excerpt":{"rendered":"<p>VM Style is a brand that reflects an ambitious, courageous and optimistic woman. She creates for all women in the world who wants to be assertive in society and prove their value. With VM style elegance makes the difference. Stay beautiful and build your empire. Follow us on social media to stay up to date <a href=\"https:\/\/venusmayastyle.com\/fr\/about\/\" class=\"read-more inline\" title=\"Read More\">Read More<\/a><\/p>","protected":false},"author":1,"featured_media":0,"parent":0,"menu_order":5,"comment_status":"closed","ping_status":"closed","template":"template-full-width.php","meta":{"footnotes":""},"class_list":["post-2","page","type-page","status-publish","hentry"],"_links":{"self":[{"href":"https:\/\/venusmayastyle.com\/fr\/wp-json\/wp\/v2\/pages\/2","targetHints":{"allow":["GET"]}}],"collection":[{"href":"https:\/\/venusmayastyle.com\/fr\/wp-json\/wp\/v2\/pages"}],"about":[{"href":"https:\/\/venusmayastyle.com\/fr\/wp-json\/wp\/v2\/types\/page"}],"author":[{"embeddable":true,"href":"https:\/\/venusmayastyle.com\/fr\/wp-json\/wp\/v2\/users\/1"}],"replies":[{"embeddable":true,"href":"https:\/\/venusmayastyle.com\/fr\/wp-json\/wp\/v2\/comments?post=2"}],"version-history":[{"count":18,"href":"https:\/\/venusmayastyle.com\/fr\/wp-json\/wp\/v2\/pages\/2\/revisions"}],"predecessor-version":[{"id":682,"href":"https:\/\/venusmayastyle.com\/fr\/wp-json\/wp\/v2\/pages\/2\/revisions\/682"}],"wp:attachment":[{"href":"https:\/\/venusmayastyle.com\/fr\/wp-json\/wp\/v2\/media?parent=2"}],"curies":[{"name":"wp","href":"https:\/\/api.w.org\/{rel}","templated":true}]}}